{"id":1080,"date":"2023-02-24T15:46:05","date_gmt":"2023-02-24T14:46:05","guid":{"rendered":"https:\/\/nullemont.fr\/?page_id=1080"},"modified":"2023-02-24T16:28:56","modified_gmt":"2023-02-24T15:28:56","slug":"mentions-legales","status":"publish","type":"page","link":"https:\/\/nullemont.fr\/index.php\/mentions-legales\/","title":{"rendered":"Mentions l\u00e9gales"},"content":{"rendered":"\t\t<div data-elementor-type=\"wp-page\" data-elementor-id=\"1080\" class=\"elementor elementor-1080\">\n\t\t\t\t\t\t<section class=\"elementor-section elementor-top-section elementor-element elementor-element-8e840ce elementor-section-boxed elementor-section-height-default elementor-section-height-default\" data-id=\"8e840ce\" data-element_type=\"section\" data-e-type=\"section\">\n\t\t\t\t\t\t<div class=\"elementor-container elementor-column-gap-default\">\n\t\t\t\t\t<div class=\"aux-parallax-section elementor-column elementor-col-100 elementor-top-column elementor-element elementor-element-4d9f0a2\" data-id=\"4d9f0a2\" data-element_type=\"column\" data-e-type=\"column\">\n\t\t\t<div class=\"elementor-widget-wrap elementor-element-populated\">\n\t\t\t\t\t\t<div class=\"elementor-element elementor-element-f8f4b66 elementor-widget elementor-widget-aux_modern_heading\" data-id=\"f8f4b66\" data-element_type=\"widget\" data-e-type=\"widget\" data-widget_type=\"aux_modern_heading.default\">\n\t\t\t\t<div class=\"elementor-widget-container\">\n\t\t\t\t\t<section class=\"aux-widget-modern-heading\">\n            <div class=\"aux-widget-inner\"><h2 class=\"aux-modern-heading-primary\">Mentions l\u00e9gales<\/h2><div class=\"aux-modern-heading-divider\"><\/div><div class=\"aux-modern-heading-description\"><section class=\"av_textblock_section\"><div class=\"avia_textblock \"><p>En vertu de l\u2019article 6 de la loi n\u00b0 2004-575 du 21 juin 2004 pour la confiance dans l\u2019\u00e9conomie num\u00e9rique, il est pr\u00e9cis\u00e9 aux utilisateurs du site\u00a0<a title=\"Mairie de Blangy-sur-Bresle - www.blangysurbresle.fr\" href=\"http:\/\/www.blangysurbresle.fr\/\" rel=\"nofollow noopener\" target=\"_blank\">www.nullemont.fr<\/a>\u00a0l\u2019identit\u00e9 des diff\u00e9rents intervenants dans le cadre de sa r\u00e9alisation et de son suivi :<\/p><p><strong>Propri\u00e9taire<\/strong> : Mairie de Nullemont - 31 Route de l'\u00e9glise, 76390 NULLEMONT - mairiedenullemont@wanadoo.fr - 02 35 93 66 55<\/p><\/div><\/section><section class=\"av_textblock_section\"><div class=\"avia_textblock \"><p><strong>Cr\u00e9ateur<\/strong>\u00a0: Ce site a \u00e9t\u00e9 con\u00e7u et r\u00e9alis\u00e9 par la soci\u00e9t\u00e9\u00a0<strong><a title=\"Agence web rouen\" href=\"https:\/\/seine-communication.fr\" target=\"_blank\" rel=\"noopener nofollow\">Seine Communication<\/a><\/strong><\/p><p><strong>Responsable publication<\/strong> : Mr le Maire Jo\u00ebl Milon \u2013mairiedenullemont@wanadoo.fr - 02 35 93 66 55 - Le responsable publication est une personne physique ou une personne morale.<\/p><p><strong>Webmaster<\/strong>\u00a0: <strong><a title=\"Agence web rouen\" href=\"https:\/\/seine-communication.fr\" target=\"_blank\" rel=\"noopener nofollow\">Seine Communication<\/a> <\/strong>\u00a0\u2013 sebastiendurose@seine-communication.fr \u2013 16 rue de la rose 76000 ROUEN \u2013 06 17 30 58 81<\/p><p><strong>H\u00e9bergeur<\/strong>\u00a0:\u00a0L\u2019h\u00e9bergement de ce site est assur\u00e9 par la soci\u00e9t\u00e9 OVH.<\/p><p>SAS au capital de 10\u00a0059\u00a0500\u00a0\u20ac<br \/>RCS Lille M\u00e9tropole 424 761 419 00045<br \/>Code APE 6202A<br \/>N\u00b0 TVA : FR 22 424 761 419<br \/>Si\u00e8ge social : 2 rue Kellermann \u2013 59100 Roubaix \u2013 France.<\/p><p><strong>Cr\u00e9dits photos\/illustrations: <\/strong>\u00a0Adobe Stock<\/p><\/div><\/section><\/div><\/div>\n        <\/section>\t\t\t\t<\/div>\n\t\t\t\t<\/div>\n\t\t\t\t\t<\/div>\n\t\t<\/div>\n\t\t\t\t\t<\/div>\n\t\t<\/section>\n\t\t\t\t<\/div>\n\t\t","protected":false},"excerpt":{"rendered":"<p>Mentions l\u00e9gales En vertu de l\u2019article 6 de la loi n\u00b0 2004-575 du 21 juin 2004 pour la confiance dans l\u2019\u00e9conomie num\u00e9rique, il est pr\u00e9cis\u00e9 aux utilisateurs du site\u00a0www.nullemont.fr\u00a0l\u2019identit\u00e9 des diff\u00e9rents intervenants dans le cadre de sa r\u00e9alisation et de son suivi : Propri\u00e9taire : Mairie de Nullemont &#8211; 31 Route de l&rsquo;\u00e9glise, 76390 NULLEMONT [&hellip;]<\/p>\n","protected":false},"author":2,"featured_media":0,"parent":0,"menu_order":0,"comment_status":"closed","ping_status":"closed","template":"","meta":{"footnotes":""},"class_list":["post-1080","page","type-page","status-publish","hentry"],"_links":{"self":[{"href":"https:\/\/nullemont.fr\/index.php\/wp-json\/wp\/v2\/pages\/1080","targetHints":{"allow":["GET"]}}],"collection":[{"href":"https:\/\/nullemont.fr\/index.php\/wp-json\/wp\/v2\/pages"}],"about":[{"href":"https:\/\/nullemont.fr\/index.php\/wp-json\/wp\/v2\/types\/page"}],"author":[{"embeddable":true,"href":"https:\/\/nullemont.fr\/index.php\/wp-json\/wp\/v2\/users\/2"}],"replies":[{"embeddable":true,"href":"https:\/\/nullemont.fr\/index.php\/wp-json\/wp\/v2\/comments?post=1080"}],"version-history":[{"count":16,"href":"https:\/\/nullemont.fr\/index.php\/wp-json\/wp\/v2\/pages\/1080\/revisions"}],"predecessor-version":[{"id":1097,"href":"https:\/\/nullemont.fr\/index.php\/wp-json\/wp\/v2\/pages\/1080\/revisions\/1097"}],"wp:attachment":[{"href":"https:\/\/nullemont.fr\/index.php\/wp-json\/wp\/v2\/media?parent=1080"}],"curies":[{"name":"wp","href":"https:\/\/api.w.org\/{rel}","templated":true}]}}